{"id":11,"date":"2016-08-02T04:26:44","date_gmt":"2016-08-02T04:26:44","guid":{"rendered":"http:\/\/kroth:8888\/?page_id=2"},"modified":"2021-06-09T14:00:07","modified_gmt":"2021-06-09T14:00:07","slug":"anasayfa","status":"publish","type":"page","link":"https:\/\/bc-institut.com.tr\/","title":{"rendered":"Anasayfa"},"content":{"rendered":"<p>[vc_row][vc_column][vc_empty_space][\/vc_column][\/vc_row][vc_row overlay_dotted=&#8221;&#8221; css=&#8221;.vc_custom_1619013735286{background-color: #14482e !important;}&#8221;][vc_column][vc_column_text]<\/p>\n<h3 style=\"color: white;\">Haberler<\/h3>\n<p>[\/vc_column_text][\/vc_column][\/vc_row][vc_row][vc_column][vc_empty_space][\/vc_column][\/vc_row][vc_row][vc_column]\n    <!-- Blog Start -->\n    <div class=\"krth-blog-one krth-blog-two krth-blog-col-3  krth-post-69e89812a2e98 \">\n\n      \n      <div id=\"post-1691\" class=\"krth-blog-post post-1691 post type-post status-publish format-standard has-post-thumbnail hentry category-uncategorized\">\n\n                <div class=\"featured-image rounded-three\">\n          <img decoding=\"async\" src=\"https:\/\/bc-institut.com.tr\/wp-content\/uploads\/2021\/04\/web_sitesi_nasil_yapiliyor-370x260.jpg\" alt=\"Web Sitemiz Yenilenmi\u015ftir\">\n        <\/div>\n        \n        <!-- Content -->\n        <div class=\"bp-content\">\n\n          <!-- Metas -->\n          <div class=\"bp-top-meta\">\n                      <\/div>\n          <!-- Metas -->\n\n          <a href=\"https:\/\/bc-institut.com.tr\/index.php\/2021\/04\/21\/web-sitemiz-yenilenmistir\/\" class=\"bp-heading\">Web Sitemiz Yenilenmi\u015ftir<\/a>\n                  <\/div>\n        <!-- Content -->\n\n        <\/div><!-- #post-## -->\n\n      \n    <\/div>\n    <!-- Blog End -->\n\n    [\/vc_column][\/vc_row][vc_row][vc_column][vc_empty_space][\/vc_column][\/vc_row][vc_row overlay_dotted=&#8221;&#8221; css=&#8221;.vc_custom_1619013735286{background-color: #14482e !important;}&#8221;][vc_column][vc_column_text]<\/p>\n<h3 style=\"color: white;\">\u00dcr\u00fcn Gruplar\u0131m\u0131z<\/h3>\n<p>[\/vc_column_text][\/vc_column][\/vc_row][vc_row][vc_column][vc_empty_space][\/vc_column][\/vc_row][vc_row][vc_column]<div class=\"woocommerce columns-4\"><ul class=\"products columns-4\">\n<li class=\"product-category product first\">\n\t<\/li>\n<li class=\"product-category product\">\n\t<\/li>\n<li class=\"product-category product\">\n\t<\/li>\n<li class=\"product-category product last\">\n\t<\/li>\n<\/ul>\n<\/div>[\/vc_column][\/vc_row][vc_row][vc_column][vc_empty_space][\/vc_column][\/vc_row][vc_row overlay_dotted=&#8221;&#8221; css=&#8221;.vc_custom_1619013735286{background-color: #14482e !important;}&#8221;][vc_column][vc_column_text]<\/p>\n<h3 style=\"color: white;\">H\u0131zl\u0131 \u0130leti\u015fim<\/h3>\n<p>[\/vc_column_text][\/vc_column][\/vc_row][vc_row][vc_column width=&#8221;1\/2&#8243;][vc_empty_space height=&#8221;50px&#8221;][vc_column_text]<\/p>\n<h3>Bizimle \u0130leti\u015fime Ge\u00e7in<\/h3>\n<p>[\/vc_column_text][vc_empty_space height=&#8221;20px&#8221;]<ul class=\"krth-list-icon  krth-list-69e89812a4f63\"><li><i class=\"fa fa-map-marker\"><\/i><h5>Adres<\/h5><p>Bc INSTITUT TES\u0130SLER\u0130 Haymana yolu 14.km Yavrucuk mah. Pk 109 - 06830\nG\u00f6lba\u015f\u0131 \/ ANKARA<\/p><\/li><li><i class=\"fa fa-phone\"><\/i><h5>Telefon<\/h5><p>0 (312) 612 26 66<\/p><\/li><li><i class=\"fa fa-fax\"><\/i><h5>Fax<\/h5><p>0 (312) 612 26 64<\/p><\/li><li><i class=\"fa fa-envelope-o\"><\/i><h5>Mail<\/h5><p>info@bc-institut.com.tr<\/p><\/li><\/ul>[\/vc_column][vc_column width=&#8221;1\/2&#8243;]<div class=\"krth-contact-form krth-contact-69e89812a4f7a contact-box-one\"><h3 class=\"form-title\">Bayilik \u0130stem Talebi<\/h3><div role=\"form\" class=\"wpcf7\" id=\"wpcf7-f367-o1\" lang=\"en-US\" dir=\"ltr\">\n<div class=\"screen-reader-response\"><p role=\"status\" aria-live=\"polite\" aria-atomic=\"true\"><\/p> <ul><\/ul><\/div>\n<form action=\"\/index.php\/wp-json\/wp\/v2\/pages\/11#wpcf7-f367-o1\" method=\"post\" class=\"wpcf7-form init\" novalidate=\"novalidate\" data-status=\"init\">\n<div style=\"display: none;\">\n<input type=\"hidden\" name=\"_wpcf7\" value=\"367\" \/>\n<input type=\"hidden\" name=\"_wpcf7_version\" value=\"5.4\" \/>\n<input type=\"hidden\" name=\"_wpcf7_locale\" value=\"en_US\" \/>\n<input type=\"hidden\" name=\"_wpcf7_unit_tag\" value=\"wpcf7-f367-o1\" \/>\n<input type=\"hidden\" name=\"_wpcf7_container_post\" value=\"0\" \/>\n<input type=\"hidden\" name=\"_wpcf7_posted_data_hash\" value=\"\" \/>\n<input type=\"hidden\" name=\"_wpcf7_recaptcha_response\" value=\"\" \/>\n<\/div>\n<p><span class=\"wpcf7-form-control-wrap text-136\"><input type=\"text\" name=\"text-136\" value=\"\" size=\"40\" class=\"wpcf7-form-control wpcf7-text\" aria-invalid=\"false\" placeholder=\"Firma Ad\u0131\" \/><\/span><\/p>\n<p><span class=\"wpcf7-form-control-wrap your-name\"><input type=\"text\" name=\"your-name\" value=\"\" size=\"40\" class=\"wpcf7-form-control wpcf7-text\" aria-invalid=\"false\" placeholder=\"\u0130sim Soyisim\" \/><\/span><\/p>\n<p><span class=\"wpcf7-form-control-wrap text-615\"><input type=\"text\" name=\"text-615\" value=\"\" size=\"40\" class=\"wpcf7-form-control wpcf7-text\" aria-invalid=\"false\" placeholder=\"Bulundu\u011fu il il\u00e7e\" \/><\/span><\/p>\n<p><span class=\"wpcf7-form-control-wrap your-phone\"><input type=\"text\" name=\"your-phone\" value=\"\" size=\"40\" class=\"wpcf7-form-control wpcf7-text\" aria-invalid=\"false\" placeholder=\"Telefon Numaras\u0131\" \/><\/span><\/p>\n<div class=\"text-right home-gonder\">\n\n<p><input type=\"submit\" value=\"G\u00f6nder\" class=\"wpcf7-form-control wpcf7-submit text-white\" \/>\n<\/p><\/div>\n<div class=\"wpcf7-response-output\" aria-hidden=\"true\"><\/div><\/form><\/div><\/div>[\/vc_column][\/vc_row][vc_column][\/vc_column]<\/p>\n","protected":false},"excerpt":{"rendered":"[vc_row][vc_column][vc_empty_space][\/vc_column][\/vc_row][vc_row overlay_dotted=&#8221;&#8221; css=&#8221;.vc_custom_1619013735286{background-color: #14482e !important;}&#8221;][vc_column][vc_column_text] Haberler [\/vc_column_text][\/vc_column][\/vc_row][vc_row][vc_column][vc_empty_space][\/vc_column][\/vc_row][vc_row][vc_column][\/vc_column][\/vc_row][vc_row][vc_column][vc_empty_space][\/vc_column][\/vc_row][vc_row overlay_dotted=&#8221;&#8221; css=&#8221;.vc_custom_1619013735286{background-color: #14482e !important;}&#8221;][vc_column][vc_column_text] \u00dcr\u00fcn Gruplar\u0131m\u0131z [\/vc_column_text][\/vc_column][\/vc_row][vc_row][vc_column][vc_empty_space][\/vc_column][\/vc_row][vc_row][vc_column][\/vc_column][\/vc_row][vc_row][vc_column][vc_empty_space][\/vc_column][\/vc_row][vc_row overlay_dotted=&#8221;&#8221; css=&#8221;.vc_custom_1619013735286{background-color: #14482e !important;}&#8221;][vc_column][vc_column_text] H\u0131zl\u0131 \u0130leti\u015fim [\/vc_column_text][\/vc_column][\/vc_row][vc_row][vc_column width=&#8221;1\/2&#8243;][vc_empty_space height=&#8221;50px&#8221;][vc_column_text] Bizimle \u0130leti\u015fime Ge\u00e7in [\/vc_column_text][vc_empty_space height=&#8221;20px&#8221;][\/vc_column][vc_column width=&#8221;1\/2&#8243;][\/vc_column][\/vc_row][vc_column][\/vc_column]","protected":false},"author":1,"featured_media":0,"parent":0,"menu_order":0,"comment_status":"closed","ping_status":"closed","template":"","meta":{"footnotes":""},"class_list":["post-11","page","type-page","status-publish","hentry"],"_links":{"self":[{"href":"https:\/\/bc-institut.com.tr\/index.php\/wp-json\/wp\/v2\/pages\/11","targetHints":{"allow":["GET"]}}],"collection":[{"href":"https:\/\/bc-institut.com.tr\/index.php\/wp-json\/wp\/v2\/pages"}],"about":[{"href":"https:\/\/bc-institut.com.tr\/index.php\/wp-json\/wp\/v2\/types\/page"}],"author":[{"embeddable":true,"href":"https:\/\/bc-institut.com.tr\/index.php\/wp-json\/wp\/v2\/users\/1"}],"replies":[{"embeddable":true,"href":"https:\/\/bc-institut.com.tr\/index.php\/wp-json\/wp\/v2\/comments?post=11"}],"version-history":[{"count":26,"href":"https:\/\/bc-institut.com.tr\/index.php\/wp-json\/wp\/v2\/pages\/11\/revisions"}],"predecessor-version":[{"id":1909,"href":"https:\/\/bc-institut.com.tr\/index.php\/wp-json\/wp\/v2\/pages\/11\/revisions\/1909"}],"wp:attachment":[{"href":"https:\/\/bc-institut.com.tr\/index.php\/wp-json\/wp\/v2\/media?parent=11"}],"curies":[{"name":"wp","href":"https:\/\/api.w.org\/{rel}","templated":true}]}}