{"id":430,"date":"2016-08-15T18:04:50","date_gmt":"2016-08-15T18:04:50","guid":{"rendered":"http:\/\/kroth:8888\/?page_id=430"},"modified":"2016-08-15T18:04:50","modified_gmt":"2016-08-15T18:04:50","slug":"news-grid-with-sidebar","status":"publish","type":"page","link":"https:\/\/bc-institut.com.tr\/index.php\/news-grid-with-sidebar\/","title":{"rendered":"News Grid With Sidebar"},"content":{"rendered":"<p>[vc_row][vc_column]\n    <!-- Blog Start -->\n    <div class=\"krth-blog-one krth-blog-col-2  krth-post-69f3a6dca1d81 \">\n\n      \n      <div id=\"post-1691\" class=\"krth-blog-post post-1691 post type-post status-publish format-standard has-post-thumbnail hentry category-uncategorized\">\n\n                <div class=\"featured-image rounded-three\">\n          <img decoding=\"async\" src=\"https:\/\/bc-institut.com.tr\/wp-content\/uploads\/2021\/04\/web_sitesi_nasil_yapiliyor.jpg\" alt=\"Web Sitemiz Yenilenmi\u015ftir\">\n        <\/div>\n        \n        <!-- Content -->\n        <div class=\"bp-content\">\n\n          <!-- Metas -->\n          <div class=\"bp-top-meta\">\n                        <div class=\"bp-cat\">\n              <a href=\"https:\/\/bc-institut.com.tr\/index.php\/category\/uncategorized\/\" rel=\"category tag\">Uncategorized<\/a>            <\/div>\n                        <div class=\"bp-date\">\n              <span>Nisan 21, 2021<\/span>\n            <\/div>\n                      <\/div>\n          <!-- Metas -->\n\n          <a href=\"https:\/\/bc-institut.com.tr\/index.php\/2021\/04\/21\/web-sitemiz-yenilenmistir\/\" class=\"bp-heading\">Web Sitemiz Yenilenmi\u015ftir<\/a>\n                    <p>[vc_row][vc_column][vc_column_text]Bc \u0130nstitute yenilenen web sitesiyle hizmete ba\u015flam\u0131\u015ft\u0131r. Teknolojiye ayak uyduran Bc \u0130nstitute tim \u00fcr\u00fcn ve i\u00e7eriklerini internet sitesi \u00fczerinden yay\u0131mlayacakt\u0131r.[&#8230;]<\/p>\n          <a href=\"https:\/\/bc-institut.com.tr\/index.php\/2021\/04\/21\/web-sitemiz-yenilenmistir\/\" class=\"bp-read-more\">\n            Read More          <\/a>\n                    <div class=\"bp-bottom-comments\">\n            <span><\/span>          <\/div>\n                  <\/div>\n        <!-- Content -->\n\n        <\/div><!-- #post-## -->\n\n      \n    <\/div>\n    <!-- Blog End -->\n\n    [\/vc_column][\/vc_row]<\/p>\n","protected":false},"excerpt":{"rendered":"[vc_row][vc_column][\/vc_column][\/vc_row]","protected":false},"author":1,"featured_media":0,"parent":0,"menu_order":17,"comment_status":"closed","ping_status":"closed","template":"","meta":{"footnotes":""},"class_list":["post-430","page","type-page","status-publish","hentry"],"_links":{"self":[{"href":"https:\/\/bc-institut.com.tr\/index.php\/wp-json\/wp\/v2\/pages\/430","targetHints":{"allow":["GET"]}}],"collection":[{"href":"https:\/\/bc-institut.com.tr\/index.php\/wp-json\/wp\/v2\/pages"}],"about":[{"href":"https:\/\/bc-institut.com.tr\/index.php\/wp-json\/wp\/v2\/types\/page"}],"author":[{"embeddable":true,"href":"https:\/\/bc-institut.com.tr\/index.php\/wp-json\/wp\/v2\/users\/1"}],"replies":[{"embeddable":true,"href":"https:\/\/bc-institut.com.tr\/index.php\/wp-json\/wp\/v2\/comments?post=430"}],"version-history":[{"count":0,"href":"https:\/\/bc-institut.com.tr\/index.php\/wp-json\/wp\/v2\/pages\/430\/revisions"}],"wp:attachment":[{"href":"https:\/\/bc-institut.com.tr\/index.php\/wp-json\/wp\/v2\/media?parent=430"}],"curies":[{"name":"wp","href":"https:\/\/api.w.org\/{rel}","templated":true}]}}