{"id":625,"date":"2016-08-16T13:22:58","date_gmt":"2016-08-16T13:22:58","guid":{"rendered":"http:\/\/kroth:8888\/?page_id=625"},"modified":"2021-06-09T13:58:19","modified_gmt":"2021-06-09T13:58:19","slug":"iletisim","status":"publish","type":"page","link":"https:\/\/bc-institut.com.tr\/index.php\/iletisim\/","title":{"rendered":"\u0130leti\u015fim"},"content":{"rendered":"<p>[vc_row][vc_column width=&#8221;1\/2&#8243;][vc_column_text css=&#8221;.vc_custom_1623216841379{margin-bottom: 20px !important;}&#8221;]<\/p>\n<h3 style=\"margin-bottom: 15px;\"><span style=\"font-size: 22px;\">Bc \u0130nstitut<\/span><\/h3>\n<p>[\/vc_column_text]<ul class=\"krth-list-icon  krth-list-69d5b9e1428fb\"><li><i class=\"fa fa-map-marker\"><\/i><h5>Adres<\/h5><p>Bc INSTITUT TES\u0130SLER\u0130 Haymana yolu 14.km Yavrucuk mah. Pk 109 - 06830\nG\u00f6lba\u015f\u0131 \/ ANKARA<\/p><\/li><li><i class=\"fa fa-phone\"><\/i><h5>Telefon<\/h5><p>0 (312) 612 26 66<\/p><\/li><li><i class=\"fa fa-fax\"><\/i><h5>Fax<\/h5><p>0 (312) 612 26 64<\/p><\/li><li><i class=\"fa fa-envelope-o\"><\/i><h5>Mail<\/h5><p>info@bc-institut.com.tr<\/p><\/li><\/ul>[vc_row_inner][vc_column_inner][vc_gmaps link=&#8221;#E-8_JTNDaWZyYW1lJTIwc3JjJTNEJTIyaHR0cHMlM0ElMkYlMkZ3d3cuZ29vZ2xlLmNvbSUyRm1hcHMlMkZlbWJlZCUzRnBiJTNEJTIxMW0xNCUyMTFtOCUyMTFtMyUyMTFkMTIyODAuNzE3NjI1NzQ2ODIyJTIxMmQzMi43NTE3OTglMjEzZDM5LjY5MDY3JTIxM20yJTIxMWkxMDI0JTIxMmk3NjglMjE0ZjEzLjElMjEzbTMlMjExbTIlMjExczB4MCUyNTNBMHgzNDM3NmE5N2M4MTdjMjM2JTIxMnNCYyUyNTIwSU5TVElUVVQlMjE1ZTAlMjEzbTIlMjExc3RyJTIxMnN1cyUyMTR2MTYxOTA4ODI0Nzk1MSUyMTVtMiUyMTFzdHIlMjEyc3VzJTIyJTIwd2lkdGglM0QlMjI1NzAlMjIlMjBoZWlnaHQlM0QlMjIyNjAlMjIlMjBzdHlsZSUzRCUyMmJvcmRlciUzQTAlM0IlMjIlMjBhbGxvd2Z1bGxzY3JlZW4lM0QlMjIlMjIlMjBsb2FkaW5nJTNEJTIybGF6eSUyMiUzRSUzQyUyRmlmcmFtZSUzRQ==&#8221;][\/vc_column_inner][\/vc_row_inner][\/vc_column][vc_column width=&#8221;1\/2&#8243;]<div class=\"krth-contact-form krth-contact-69d5b9e142913 contact-page-one\"><h3 class=\"form-title\">\u0130leti\u015fim Formu<\/h3><div role=\"form\" class=\"wpcf7\" id=\"wpcf7-f635-o1\" lang=\"en-US\" dir=\"ltr\">\n<div class=\"screen-reader-response\"><p role=\"status\" aria-live=\"polite\" aria-atomic=\"true\"><\/p> <ul><\/ul><\/div>\n<form action=\"\/index.php\/wp-json\/wp\/v2\/pages\/625#wpcf7-f635-o1\" method=\"post\" class=\"wpcf7-form init\" novalidate=\"novalidate\" data-status=\"init\">\n<div style=\"display: none;\">\n<input type=\"hidden\" name=\"_wpcf7\" value=\"635\" \/>\n<input type=\"hidden\" name=\"_wpcf7_version\" value=\"5.4\" \/>\n<input type=\"hidden\" name=\"_wpcf7_locale\" value=\"en_US\" \/>\n<input type=\"hidden\" name=\"_wpcf7_unit_tag\" value=\"wpcf7-f635-o1\" \/>\n<input type=\"hidden\" name=\"_wpcf7_container_post\" value=\"0\" \/>\n<input type=\"hidden\" name=\"_wpcf7_posted_data_hash\" value=\"\" \/>\n<input type=\"hidden\" name=\"_wpcf7_recaptcha_response\" value=\"\" \/>\n<\/div>\n<p>Ad\u0131n\u0131z<br \/>\n<span class=\"wpcf7-form-control-wrap your-name\"><input type=\"text\" name=\"your-name\" value=\"\" size=\"40\" class=\"wpcf7-form-control wpcf7-text wpcf7-validates-as-required\" aria-required=\"true\" aria-invalid=\"false\" \/><\/span><\/p>\n<p>Email Adresiniz<br \/>\n<span class=\"wpcf7-form-control-wrap your-email\"><input type=\"email\" name=\"your-email\" value=\"\" size=\"40\" class=\"wpcf7-form-control wpcf7-text wpcf7-email wpcf7-validates-as-required wpcf7-validates-as-email\" aria-required=\"true\" aria-invalid=\"false\" \/><\/span><\/p>\n<p>Telefon Numaran\u0131z<br \/>\n<span class=\"wpcf7-form-control-wrap number-517\"><input type=\"number\" name=\"number-517\" value=\"\" class=\"wpcf7-form-control wpcf7-number wpcf7-validates-as-required wpcf7-validates-as-number\" aria-required=\"true\" aria-invalid=\"false\" \/><\/span><\/p>\n<p>\u0130letiniz<br \/>\n<span class=\"wpcf7-form-control-wrap textarea-903\"><textarea name=\"textarea-903\" cols=\"40\" rows=\"10\" class=\"wpcf7-form-control wpcf7-textarea wpcf7-validates-as-required\" aria-required=\"true\" aria-invalid=\"false\"><\/textarea><\/span><\/p>\n\n<p><input type=\"submit\" value=\"G\u00f6nder\" class=\"wpcf7-form-control wpcf7-submit\" \/><\/p>\n<div class=\"wpcf7-response-output\" aria-hidden=\"true\"><\/div><\/form><\/div><\/div>[\/vc_column][\/vc_row]<\/p>\n","protected":false},"excerpt":{"rendered":"[vc_row][vc_column width=&#8221;1\/2&#8243;][vc_column_text css=&#8221;.vc_custom_1623216841379{margin-bottom: 20px !important;}&#8221;] Bc \u0130nstitut [\/vc_column_text][vc_row_inner][vc_column_inner][vc_gmaps link=&#8221;#E-8_JTNDaWZyYW1lJTIwc3JjJTNEJTIyaHR0cHMlM0ElMkYlMkZ3d3cuZ29vZ2xlLmNvbSUyRm1hcHMlMkZlbWJlZCUzRnBiJTNEJTIxMW0xNCUyMTFtOCUyMTFtMyUyMTFkMTIyODAuNzE3NjI1NzQ2ODIyJTIxMmQzMi43NTE3OTglMjEzZDM5LjY5MDY3JTIxM20yJTIxMWkxMDI0JTIxMmk3NjglMjE0ZjEzLjElMjEzbTMlMjExbTIlMjExczB4MCUyNTNBMHgzNDM3NmE5N2M4MTdjMjM2JTIxMnNCYyUyNTIwSU5TVElUVVQlMjE1ZTAlMjEzbTIlMjExc3RyJTIxMnN1cyUyMTR2MTYxOTA4ODI0Nzk1MSUyMTVtMiUyMTFzdHIlMjEyc3VzJTIyJTIwd2lkdGglM0QlMjI1NzAlMjIlMjBoZWlnaHQlM0QlMjIyNjAlMjIlMjBzdHlsZSUzRCUyMmJvcmRlciUzQTAlM0IlMjIlMjBhbGxvd2Z1bGxzY3JlZW4lM0QlMjIlMjIlMjBsb2FkaW5nJTNEJTIybGF6eSUyMiUzRSUzQyUyRmlmcmFtZSUzRQ==&#8221;][\/vc_column_inner][\/vc_row_inner][\/vc_column][vc_column width=&#8221;1\/2&#8243;][\/vc_column][\/vc_row]","protected":false},"author":1,"featured_media":0,"parent":0,"menu_order":21,"comment_status":"closed","ping_status":"closed","template":"","meta":{"footnotes":""},"class_list":["post-625","page","type-page","status-publish","hentry"],"_links":{"self":[{"href":"https:\/\/bc-institut.com.tr\/index.php\/wp-json\/wp\/v2\/pages\/625","targetHints":{"allow":["GET"]}}],"collection":[{"href":"https:\/\/bc-institut.com.tr\/index.php\/wp-json\/wp\/v2\/pages"}],"about":[{"href":"https:\/\/bc-institut.com.tr\/index.php\/wp-json\/wp\/v2\/types\/page"}],"author":[{"embeddable":true,"href":"https:\/\/bc-institut.com.tr\/index.php\/wp-json\/wp\/v2\/users\/1"}],"replies":[{"embeddable":true,"href":"https:\/\/bc-institut.com.tr\/index.php\/wp-json\/wp\/v2\/comments?post=625"}],"version-history":[{"count":8,"href":"https:\/\/bc-institut.com.tr\/index.php\/wp-json\/wp\/v2\/pages\/625\/revisions"}],"predecessor-version":[{"id":1908,"href":"https:\/\/bc-institut.com.tr\/index.php\/wp-json\/wp\/v2\/pages\/625\/revisions\/1908"}],"wp:attachment":[{"href":"https:\/\/bc-institut.com.tr\/index.php\/wp-json\/wp\/v2\/media?parent=625"}],"curies":[{"name":"wp","href":"https:\/\/api.w.org\/{rel}","templated":true}]}}