{"id":1810,"date":"2021-05-24T09:46:20","date_gmt":"2021-05-24T09:46:20","guid":{"rendered":"https:\/\/bc-institut.com.tr\/?post_type=product&#038;p=1810"},"modified":"2021-06-09T14:09:41","modified_gmt":"2021-06-09T14:09:41","slug":"pajdas","status":"publish","type":"product","link":"https:\/\/bc-institut.com.tr\/index.php\/product\/pajdas\/","title":{"rendered":"PAJDA\u0160"},"content":{"rendered":"<p>FAO 490 \u2013 \u00d6zellikleri:<\/p>\n<p>\u2022 Y\u00fcksek verim ve tane kalitesine sahip bir hibrittir.<br \/>\n\u2022 Erkenci tanelik ve silajl\u0131k \u00f6zelliktedir.<br \/>\n\u2022 K\u0131sa ve g\u00fc\u00e7l\u00fc sap yap\u0131s\u0131na sahiptir.<br \/>\n\u2022 H\u0131zl\u0131 \u00e7imlenme ve s\u00fcrme g\u00fcc\u00fcne sahiptir.<br \/>\n\u2022 Y\u00fcksek ve stabil tane verimine sahiptir.<br \/>\n\u2022 K\u0131rm\u0131z\u0131, b\u00fcy\u00fck tanelidir.<br \/>\n\u2022 Tavsiye edilen bitki s\u0131kl\u0131\u011f\u0131 tane \u00fcretimi i\u00e7in 6500-7000 bitki\/ha d\u0131r.<br \/>\n\u2022 Ko\u00e7an orta b\u00fcy\u00fckl\u00fckte konik \u015fekilli olup tamamen tane ile doludur.<br \/>\n\u2022 Tane hektolitre a\u011f\u0131rl\u0131\u011f\u0131 y\u00fcksek olup tane yap\u0131s\u0131 at di\u015fidir.<br \/>\n\u2022 Yapraklar\u0131 uzun ye\u015fil ve g\u00fcne\u015f \u0131\u015f\u0131\u011f\u0131ndan her durumda yararlanan \u00f6zellikte, kura\u011fa toleransl\u0131, hastal\u0131k ve zararl\u0131lara dayan\u0131kl\u0131d\u0131r.<br \/>\n\u2022 Staygreen kalma \u00f6zelli\u011fine sahiptir.<br \/>\n\u2022 Adaptasyon kabiliyeti y\u00fcksektir.<br \/>\n\u2022 Kendi olgunla\u015fma grubunda lider bir \u00e7e\u015fittir.<\/p>\n","protected":false},"excerpt":{"rendered":"\u2022 Y\u00fcksek verim ve tane kalitesine\r\nsahip bir hibrittir.\r\n\u2022 Erkenci tanelik ve silajl\u0131k \u00f6zelliktedir.\r\n\u2022 K\u0131sa ve g\u00fc\u00e7l\u00fc sap yap\u0131s\u0131na sahiptir.\r\n\u2022 H\u0131zl\u0131 \u00e7imlenme ve s\u00fcrme g\u00fcc\u00fcne sahiptir.\r\n\u2022 Y\u00fcksek ve stabil tane verimine sahiptir.\r\n\u2022 K\u0131rm\u0131z\u0131, b\u00fcy\u00fck tanelidir.","protected":false},"featured_media":1811,"template":"","meta":[],"class_list":["post-1810","product","type-product","status-publish","has-post-thumbnail","hentry","product_cat-hibrit-misir-tohumlari"],"_links":{"self":[{"href":"https:\/\/bc-institut.com.tr\/index.php\/wp-json\/wp\/v2\/product\/1810","targetHints":{"allow":["GET"]}}],"collection":[{"href":"https:\/\/bc-institut.com.tr\/index.php\/wp-json\/wp\/v2\/product"}],"about":[{"href":"https:\/\/bc-institut.com.tr\/index.php\/wp-json\/wp\/v2\/types\/product"}],"wp:featuredmedia":[{"embeddable":true,"href":"https:\/\/bc-institut.com.tr\/index.php\/wp-json\/wp\/v2\/media\/1811"}],"wp:attachment":[{"href":"https:\/\/bc-institut.com.tr\/index.php\/wp-json\/wp\/v2\/media?parent=1810"}],"curies":[{"name":"wp","href":"https:\/\/api.w.org\/{rel}","templated":true}]}}