{"id":1823,"date":"2021-05-24T10:17:47","date_gmt":"2021-05-24T10:17:47","guid":{"rendered":"https:\/\/bc-institut.com.tr\/?post_type=product&#038;p=1823"},"modified":"2021-05-29T13:41:54","modified_gmt":"2021-05-29T13:41:54","slug":"bc678","status":"publish","type":"product","link":"https:\/\/bc-institut.com.tr\/index.php\/product\/bc678\/","title":{"rendered":"BC678"},"content":{"rendered":"<p>\u2022 Tek melezdir.<br \/>\n\u2022 B\u00f6lgelere g\u00f6re birinci ve ikinci \u00fcr\u00fcn olarak tavsiye edilir.<br \/>\n\u2022 Verim potansiyeli \u00e7ok y\u00fcksektir.<br \/>\n\u2022 Ko\u00e7anlar\u0131 silindirik olup, 16-20 s\u0131ral\u0131d\u0131r.<br \/>\n\u2022 Dik b\u00fcy\u00fcyen yapraklar\u0131 sayesinde g\u00fcne\u015f \u0131\u015f\u0131\u011f\u0131ndan olduk\u00e7a<br \/>\niyi yararlan\u0131r.<br \/>\n\u2022 Yaprak hastal\u0131klar\u0131na, sap k\u0131r\u0131lmalar\u0131na ve yatmaya kar\u015f\u0131<br \/>\nolduk\u00e7a dayan\u0131kl\u0131d\u0131r.<br \/>\n\u2022 Makineli hasada uygundur.<br \/>\n\u2022 Sap ve yapraklar\u0131 silaj yap\u0131m\u0131na \u00e7ok uygundur.<br \/>\n\u2022 Adaptasyon kabiliyeti y\u00fcksek, stabil bir \u00e7e\u015fittir.<br \/>\n\u2022 Yeti\u015ftirildi\u011fi b\u00f6lgeye g\u00f6re 115-125 g\u00fcnde hasat olgunlu\u011funa<br \/>\nula\u015f\u0131r.<br \/>\n\u2022 B\u00f6lgelere g\u00f6re de\u011fi\u015fmekle birlikte 1600-2000 kg\/da<br \/>\ntane verim performans\u0131na sahiptir.<\/p>\n","protected":false},"excerpt":{"rendered":"\u2022 Tek melezdir.\r\n\u2022 B\u00f6lgelere g\u00f6re birinci ve ikinci \u00fcr\u00fcn olarak tavsiye edilir.\r\n\u2022 Verim potansiyeli \u00e7ok y\u00fcksektir.\r\n\u2022 Ko\u00e7anlar\u0131 silindirik olup, 16-20 s\u0131ral\u0131d\u0131r.\r\n\u2022 Dik b\u00fcy\u00fcyen yapraklar\u0131 sayesinde g\u00fcne\u015f \u0131\u015f\u0131\u011f\u0131ndan olduk\u00e7a\r\niyi yararlan\u0131r.\r\n\u2022 Yaprak hastal\u0131klar\u0131na, sap k\u0131r\u0131lmalar\u0131na ve yatmaya kar\u015f\u0131\r\nolduk\u00e7a dayan\u0131kl\u0131d\u0131r.\r\n\u2022 Makineli hasada uygundur.\r\n\u2022 Sap ve yapraklar\u0131 silaj yap\u0131m\u0131na \u00e7ok uygundur.\r\n\u2022 Adaptasyon kabiliyeti y\u00fcksek, stabil bir \u00e7e\u015fittir.\r\n\u2022 Yeti\u015ftirildi\u011fi b\u00f6lgeye g\u00f6re 115-125 g\u00fcnde hasat olgunlu\u011funa\r\nula\u015f\u0131r.\r\n\u2022 B\u00f6lgelere g\u00f6re de\u011fi\u015fmekle birlikte 1600-2000 kg\/da\r\ntane verim performans\u0131na sahiptir.","protected":false},"featured_media":1824,"template":"","meta":[],"class_list":["post-1823","product","type-product","status-publish","has-post-thumbnail","hentry","product_cat-hibrit-misir-tohumlari"],"_links":{"self":[{"href":"https:\/\/bc-institut.com.tr\/index.php\/wp-json\/wp\/v2\/product\/1823","targetHints":{"allow":["GET"]}}],"collection":[{"href":"https:\/\/bc-institut.com.tr\/index.php\/wp-json\/wp\/v2\/product"}],"about":[{"href":"https:\/\/bc-institut.com.tr\/index.php\/wp-json\/wp\/v2\/types\/product"}],"wp:featuredmedia":[{"embeddable":true,"href":"https:\/\/bc-institut.com.tr\/index.php\/wp-json\/wp\/v2\/media\/1824"}],"wp:attachment":[{"href":"https:\/\/bc-institut.com.tr\/index.php\/wp-json\/wp\/v2\/media?parent=1823"}],"curies":[{"name":"wp","href":"https:\/\/api.w.org\/{rel}","templated":true}]}}