{"id":1828,"date":"2021-05-26T07:10:33","date_gmt":"2021-05-26T07:10:33","guid":{"rendered":"https:\/\/bc-institut.com.tr\/?post_type=product&#038;p=1828"},"modified":"2021-05-29T13:41:54","modified_gmt":"2021-05-29T13:41:54","slug":"egesa","status":"publish","type":"product","link":"https:\/\/bc-institut.com.tr\/index.php\/product\/egesa\/","title":{"rendered":"EGESA"},"content":{"rendered":"<p>\u2022 Y\u00fcksek verim potansiyeline sahiptir.<br \/>\n\u2022 Tane ve Slaj ama\u00e7l\u0131 kullan\u0131labilecek yeni \u0131slah edilmi\u015f<br \/>\nbir \u00e7e\u015fittir.<br \/>\n\u2022 Ege, Marmara, G\u00fcneydo\u011fu ve Akdeniz b\u00f6lgelerinde<br \/>\ntane ve slajl\u0131k, i\u00e7 b\u00f6lgelerde ise slajl\u0131k olarak<br \/>\nekimi tavsiye edilir.<br \/>\n\u2022 G\u00fc\u00e7l\u00fc \u00e7imlenme ve s\u00fcrme g\u00fcc\u00fcne sahiptir.<br \/>\n\u2022 Yaprak hastal\u0131klar\u0131na ve yatmaya kar\u015f\u0131 dayan\u0131kl\u0131d\u0131r.<br \/>\n\u2022 B\u00fcy\u00fck silindirik ko\u00e7anlara sahip olup16-18 s\u0131ral\u0131d\u0131r.<br \/>\n\u2022 Adaptasyon kabiliyeti y\u00fcksektir.<\/p>\n","protected":false},"excerpt":{"rendered":"\u2022 Y\u00fcksek verim potansiyeline sahiptir.\r\n\u2022 Tane ve Slaj ama\u00e7l\u0131 kullan\u0131labilecek yeni \u0131slah edilmi\u015f\r\nbir \u00e7e\u015fittir.\r\n\u2022 Ege, Marmara, G\u00fcneydo\u011fu ve Akdeniz b\u00f6lgelerinde\r\ntane ve slajl\u0131k, i\u00e7 b\u00f6lgelerde ise slajl\u0131k olarak\r\nekimi tavsiye edilir.\r\n\u2022 G\u00fc\u00e7l\u00fc \u00e7imlenme ve s\u00fcrme g\u00fcc\u00fcne sahiptir.\r\n\u2022 Yaprak hastal\u0131klar\u0131na ve yatmaya kar\u015f\u0131 dayan\u0131kl\u0131d\u0131r.\r\n\u2022 B\u00fcy\u00fck silindirik ko\u00e7anlara sahip olup16-18 s\u0131ral\u0131d\u0131r.\r\n\u2022 Adaptasyon kabiliyeti y\u00fcksektir.","protected":false},"featured_media":1829,"template":"","meta":[],"class_list":["post-1828","product","type-product","status-publish","has-post-thumbnail","hentry","product_cat-hibrit-misir-tohumlari"],"_links":{"self":[{"href":"https:\/\/bc-institut.com.tr\/index.php\/wp-json\/wp\/v2\/product\/1828","targetHints":{"allow":["GET"]}}],"collection":[{"href":"https:\/\/bc-institut.com.tr\/index.php\/wp-json\/wp\/v2\/product"}],"about":[{"href":"https:\/\/bc-institut.com.tr\/index.php\/wp-json\/wp\/v2\/types\/product"}],"wp:featuredmedia":[{"embeddable":true,"href":"https:\/\/bc-institut.com.tr\/index.php\/wp-json\/wp\/v2\/media\/1829"}],"wp:attachment":[{"href":"https:\/\/bc-institut.com.tr\/index.php\/wp-json\/wp\/v2\/media?parent=1828"}],"curies":[{"name":"wp","href":"https:\/\/api.w.org\/{rel}","templated":true}]}}