{"id":1830,"date":"2021-05-26T07:12:33","date_gmt":"2021-05-26T07:12:33","guid":{"rendered":"https:\/\/bc-institut.com.tr\/?post_type=product&#038;p=1830"},"modified":"2021-05-29T13:41:54","modified_gmt":"2021-05-29T13:41:54","slug":"lorinor","status":"publish","type":"product","link":"https:\/\/bc-institut.com.tr\/index.php\/product\/lorinor\/","title":{"rendered":"LORINOR"},"content":{"rendered":"<p>\u2022 Y\u00fcksek verim potansiyeline sahiptir.<br \/>\n\u2022 K\u0131rm\u0131z\u0131 renkli tane yap\u0131s\u0131na sahiptir.<br \/>\n\u2022 Y\u00fcksek ve stabil tane verimine sahip, lider<br \/>\nbir \u00e7e\u015fittir.<br \/>\n\u2022 Ege, Marmara, G\u00fcneydo\u011fu ve Akdeniz<br \/>\nb\u00f6lgelerinde tane ve slajl\u0131k, i\u00e7 b\u00f6lgelerde<br \/>\nise slajl\u0131k olarak ekimi tavsiye edilir.<br \/>\n\u2022 FAO 650-700 olgunla\u015fma grubunda tek<br \/>\nmelez hibrit \u00e7e\u015fittir.<br \/>\n\u2022 Adaptasyon kabiliyeti \u00e7ok y\u00fcksektir.<br \/>\n\u2022 \u00c7e\u015fit staygreen \u00f6zelli\u011fine sahiptir.<br \/>\n\u2022 Daneler at di\u015fi olup hektolitre a\u011f\u0131rl\u0131\u011f\u0131 y\u00fcksektir.<\/p>\n","protected":false},"excerpt":{"rendered":"\u2022 Y\u00fcksek verim potansiyeline sahiptir.\r\n\u2022 K\u0131rm\u0131z\u0131 renkli tane yap\u0131s\u0131na sahiptir.\r\n\u2022 Y\u00fcksek ve stabil tane verimine sahip, lider\r\nbir \u00e7e\u015fittir.\r\n\u2022 Ege, Marmara, G\u00fcneydo\u011fu ve Akdeniz\r\nb\u00f6lgelerinde tane ve slajl\u0131k, i\u00e7 b\u00f6lgelerde\r\nise slajl\u0131k olarak ekimi tavsiye edilir.\r\n\u2022 FAO 650-700 olgunla\u015fma grubunda tek\r\nmelez hibrit \u00e7e\u015fittir.\r\n\u2022 Adaptasyon kabiliyeti \u00e7ok y\u00fcksektir.","protected":false},"featured_media":1831,"template":"","meta":[],"class_list":["post-1830","product","type-product","status-publish","has-post-thumbnail","hentry","product_cat-hibrit-misir-tohumlari"],"_links":{"self":[{"href":"https:\/\/bc-institut.com.tr\/index.php\/wp-json\/wp\/v2\/product\/1830","targetHints":{"allow":["GET"]}}],"collection":[{"href":"https:\/\/bc-institut.com.tr\/index.php\/wp-json\/wp\/v2\/product"}],"about":[{"href":"https:\/\/bc-institut.com.tr\/index.php\/wp-json\/wp\/v2\/types\/product"}],"wp:featuredmedia":[{"embeddable":true,"href":"https:\/\/bc-institut.com.tr\/index.php\/wp-json\/wp\/v2\/media\/1831"}],"wp:attachment":[{"href":"https:\/\/bc-institut.com.tr\/index.php\/wp-json\/wp\/v2\/media?parent=1830"}],"curies":[{"name":"wp","href":"https:\/\/api.w.org\/{rel}","templated":true}]}}