{"id":1832,"date":"2021-05-26T07:15:09","date_gmt":"2021-05-26T07:15:09","guid":{"rendered":"https:\/\/bc-institut.com.tr\/?post_type=product&#038;p=1832"},"modified":"2021-05-29T13:41:53","modified_gmt":"2021-05-29T13:41:53","slug":"bc582","status":"publish","type":"product","link":"https:\/\/bc-institut.com.tr\/index.php\/product\/bc582\/","title":{"rendered":"BC582"},"content":{"rendered":"<p>\u2022 Y\u00fcksek verim potansiyeline sahiptir.<br \/>\n\u2022 M\u00fckemmel kuruma sa\u011flar.<br \/>\n\u2022 K\u0131sa ve g\u00fc\u00e7l\u00fc sap yap\u0131s\u0131na sahiptir.<br \/>\n\u2022 Y\u00fcksek ve stabil tane verimine sahiptir.<br \/>\n\u2022 Kendi olgunla\u015fma grubunda y\u00fcksek verimi ile<br \/>\nlider bir \u00e7e\u015fittir.<br \/>\n\u2022 Kurakl\u0131\u011fa dayan\u0131kl\u0131 bir \u00e7e\u015fittir.<br \/>\n\u2022 G\u00fcney Do\u011fu Anadolu B\u00f6lgesi i\u00e7in 2. \u00dcr\u00fcn olarak<br \/>\ntavsiye edilir.<br \/>\n\u2022 FAO 550-580 olgunla\u015fma grubunda tek melez<br \/>\nhibrit \u00e7e\u015fittir.<br \/>\n\u2022 Adaptasyon kabiliyeti \u00e7ok y\u00fcksektir.<br \/>\n\u2022 Dekara 7500-8000 bitki ekilmesi \u00f6nerilir.<br \/>\n\u2022 Ko\u00e7anlar\u0131 silindirik olup 16-18 s\u0131ral\u0131d\u0131r.<\/p>\n","protected":false},"excerpt":{"rendered":"\u2022 Y\u00fcksek verim potansiyeline sahiptir.\r\n\u2022 M\u00fckemmel kuruma sa\u011flar.\r\n\u2022 K\u0131sa ve g\u00fc\u00e7l\u00fc sap yap\u0131s\u0131na sahiptir.\r\n\u2022 Y\u00fcksek ve stabil tane verimine sahiptir.\r\n\u2022 Kendi olgunla\u015fma grubunda y\u00fcksek verimi ile\r\nlider bir \u00e7e\u015fittir.\r\n\u2022 Kurakl\u0131\u011fa dayan\u0131kl\u0131 bir \u00e7e\u015fittir.","protected":false},"featured_media":1833,"template":"","meta":[],"class_list":["post-1832","product","type-product","status-publish","has-post-thumbnail","hentry","product_cat-hibrit-misir-tohumlari"],"_links":{"self":[{"href":"https:\/\/bc-institut.com.tr\/index.php\/wp-json\/wp\/v2\/product\/1832","targetHints":{"allow":["GET"]}}],"collection":[{"href":"https:\/\/bc-institut.com.tr\/index.php\/wp-json\/wp\/v2\/product"}],"about":[{"href":"https:\/\/bc-institut.com.tr\/index.php\/wp-json\/wp\/v2\/types\/product"}],"wp:featuredmedia":[{"embeddable":true,"href":"https:\/\/bc-institut.com.tr\/index.php\/wp-json\/wp\/v2\/media\/1833"}],"wp:attachment":[{"href":"https:\/\/bc-institut.com.tr\/index.php\/wp-json\/wp\/v2\/media?parent=1832"}],"curies":[{"name":"wp","href":"https:\/\/api.w.org\/{rel}","templated":true}]}}