{"id":1836,"date":"2021-05-26T07:18:50","date_gmt":"2021-05-26T07:18:50","guid":{"rendered":"https:\/\/bc-institut.com.tr\/?post_type=product&#038;p=1836"},"modified":"2021-05-29T13:41:53","modified_gmt":"2021-05-29T13:41:53","slug":"bc566","status":"publish","type":"product","link":"https:\/\/bc-institut.com.tr\/index.php\/product\/bc566\/","title":{"rendered":"BC566"},"content":{"rendered":"<p>\u2022 FAO 500 olgunla\u015fma grubunda tek melez hibrit \u00e7e\u015fittir.<br \/>\n\u2022 \u0130\u00e7 b\u00f6lgelerde ana \u00fcr\u00fcn di\u011fer b\u00f6lgelerde ikinci \u00fcr\u00fcn<br \/>\nolarak tavsiye edilir.<br \/>\n\u2022 Kendi olgunla\u015fma grubunda y\u00fcksek verimi ile lider bir<br \/>\n\u00e7e\u015fittir.<br \/>\n\u2022 Ko\u00e7anlar\u0131 hasat olgunlu\u011funa geldi\u011finde yaprak ve<br \/>\nsaplar\u0131 ye\u015fil kalarak (Stay Green) silaj olarakta kullan\u0131labilmektedir.<br \/>\n\u2022 Silaj kalitesi y\u00fcksektir.<br \/>\n\u2022 Tane rutubetini h\u0131zl\u0131 kaybeder.<br \/>\n\u2022 Taneleri a\u011f\u0131r olup hektolitre a\u011f\u0131rl\u0131\u011f\u0131 y\u00fcksektir.<br \/>\n\u2022 K\u0131rm\u0131z\u0131ms\u0131 portakal renkli tane yap\u0131s\u0131na sahiptir.<br \/>\n\u2022 Makineli hasada uygundur.<\/p>\n","protected":false},"excerpt":{"rendered":"\u2022 FAO 500 olgunla\u015fma grubunda tek melez hibrit \u00e7e\u015fittir.\r\n\u2022 \u0130\u00e7 b\u00f6lgelerde ana \u00fcr\u00fcn di\u011fer b\u00f6lgelerde ikinci \u00fcr\u00fcn\r\nolarak tavsiye edilir.\r\n\u2022 Kendi olgunla\u015fma grubunda y\u00fcksek verimi ile lider bir\r\n\u00e7e\u015fittir.\r\n\u2022 Ko\u00e7anlar\u0131 hasat olgunlu\u011funa geldi\u011finde yaprak ve\r\nsaplar\u0131 ye\u015fil kalarak (Stay Green) silaj olarakta kullan\u0131labilmektedir.\r\n\u2022 Silaj kalitesi y\u00fcksektir.\r\n\u2022 Tane rutubetini h\u0131zl\u0131 kaybeder.","protected":false},"featured_media":1837,"template":"","meta":[],"class_list":["post-1836","product","type-product","status-publish","has-post-thumbnail","hentry","product_cat-hibrit-misir-tohumlari"],"_links":{"self":[{"href":"https:\/\/bc-institut.com.tr\/index.php\/wp-json\/wp\/v2\/product\/1836","targetHints":{"allow":["GET"]}}],"collection":[{"href":"https:\/\/bc-institut.com.tr\/index.php\/wp-json\/wp\/v2\/product"}],"about":[{"href":"https:\/\/bc-institut.com.tr\/index.php\/wp-json\/wp\/v2\/types\/product"}],"wp:featuredmedia":[{"embeddable":true,"href":"https:\/\/bc-institut.com.tr\/index.php\/wp-json\/wp\/v2\/media\/1837"}],"wp:attachment":[{"href":"https:\/\/bc-institut.com.tr\/index.php\/wp-json\/wp\/v2\/media?parent=1836"}],"curies":[{"name":"wp","href":"https:\/\/api.w.org\/{rel}","templated":true}]}}