{"id":1846,"date":"2021-05-26T12:32:59","date_gmt":"2021-05-26T12:32:59","guid":{"rendered":"https:\/\/bc-institut.com.tr\/?post_type=product&#038;p=1846"},"modified":"2021-05-29T13:56:13","modified_gmt":"2021-05-29T13:56:13","slug":"mihelca","status":"publish","type":"product","link":"https:\/\/bc-institut.com.tr\/index.php\/product\/mihelca\/","title":{"rendered":"M\u0130HELCA"},"content":{"rendered":"<p>\u2022 Ba\u015fak Tipi: Beyaz ba\u015fakl\u0131, k\u0131l\u00e7\u0131kl\u0131 bir \u00e7e\u015fit<br \/>\n\u2022 Dane: K\u0131rm\u0131z\u0131 sert ekmeklik bu\u011fday<br \/>\n\u2022 Bitki Boyu: 90-100cm<br \/>\n\u2022 Verim: 500-850 kg\/da<br \/>\n\u2022 Gluten: 30-40<br \/>\n\u2022 Hektolitre A\u011f\u0131rl\u0131\u011f\u0131: 78-82 kg<br \/>\n\u2022 1000 Dane A\u011f\u0131rl\u0131\u011f\u0131: 42-44 gr<br \/>\n\u2022 Protein: %14-17<br \/>\n\u2022 Sedimentasyon: 47-65 ml<br \/>\n\u2022 Alveo Enerji (w): 280-350<br \/>\n\u2022 Adaptasyon Kabiliyeti: \u00c7ok iyi<br \/>\n\u2022 Orta Karadeniz ve \u0130\u00e7 Anadolu \u015fartlar\u0131 i\u00e7in<br \/>\nekimi \u00f6nemle tavsiye edilir.<br \/>\n\u2022 K\u0131\u015fl\u0131k bir \u00e7e\u015fit olup so\u011fu\u011fa dayan\u0131kl\u0131d\u0131r.<br \/>\n\u2022 Kuru ve sulu tar\u0131m alanlar\u0131 i\u00e7in \u00f6nerilir.<br \/>\n\u2022 \u00d6zellikle sulu alanlarda \u00e7ok y\u00fcksek verim<br \/>\nsa\u011flar.<br \/>\n\u2022 Yatmaya kar\u015f\u0131 dayan\u0131m\u0131 \u00e7ok iyidir.<br \/>\n\u2022 Orta erkenci \u00e7e\u015fittir.<br \/>\n\u2022 Pas hastal\u0131klar\u0131na kar\u015f\u0131 \u00e7ok dayan\u0131kl\u0131d\u0131r.<br \/>\n\u2022 Y\u00fcksek verimli bir \u00e7e\u015fittir.<br \/>\n\u2022 Toprak se\u00e7icili\u011fi yoktur.<\/p>\n","protected":false},"excerpt":{"rendered":"\u2022 Ba\u015fak Tipi: Beyaz ba\u015fakl\u0131, k\u0131l\u00e7\u0131kl\u0131 bir \u00e7e\u015fit\r\n\u2022 Dane: K\u0131rm\u0131z\u0131 sert ekmeklik bu\u011fday\r\n\u2022 Bitki Boyu: 90-100cm\r\n\u2022 Verim: 500-850 kg\/da\r\n\u2022 Gluten: 30-40\r\n\u2022 Hektolitre A\u011f\u0131rl\u0131\u011f\u0131: 78-82 kg\r\n\u2022 1000 Dane A\u011f\u0131rl\u0131\u011f\u0131: 42-44 gr\r\n\u2022 Protein: %14-17\r\n\u2022 Sedimentasyon: 47-65 ml\r\n\u2022 Alveo Enerji (w): 280-350\r\n\u2022 Adaptasyon Kabiliyeti: \u00c7ok iyi","protected":false},"featured_media":1847,"template":"","meta":[],"class_list":["post-1846","product","type-product","status-publish","has-post-thumbnail","hentry","product_cat-bugday","product_cat-tahillar"],"_links":{"self":[{"href":"https:\/\/bc-institut.com.tr\/index.php\/wp-json\/wp\/v2\/product\/1846","targetHints":{"allow":["GET"]}}],"collection":[{"href":"https:\/\/bc-institut.com.tr\/index.php\/wp-json\/wp\/v2\/product"}],"about":[{"href":"https:\/\/bc-institut.com.tr\/index.php\/wp-json\/wp\/v2\/types\/product"}],"wp:featuredmedia":[{"embeddable":true,"href":"https:\/\/bc-institut.com.tr\/index.php\/wp-json\/wp\/v2\/media\/1847"}],"wp:attachment":[{"href":"https:\/\/bc-institut.com.tr\/index.php\/wp-json\/wp\/v2\/media?parent=1846"}],"curies":[{"name":"wp","href":"https:\/\/api.w.org\/{rel}","templated":true}]}}