{"id":1850,"date":"2021-05-26T14:02:17","date_gmt":"2021-05-26T14:02:17","guid":{"rendered":"https:\/\/bc-institut.com.tr\/?post_type=product&#038;p=1850"},"modified":"2021-05-29T14:01:23","modified_gmt":"2021-05-29T14:01:23","slug":"tina","status":"publish","type":"product","link":"https:\/\/bc-institut.com.tr\/index.php\/product\/tina\/","title":{"rendered":"T\u0130NA"},"content":{"rendered":"<p>\u2022 Ba\u015fak Tipi: Beyaz ba\u015fakl\u0131, k\u0131l\u00e7\u0131ks\u0131z bir \u00e7e\u015fit<br \/>\n\u2022 Dane: K\u0131rm\u0131z\u0131 sert ekmeklik bu\u011fday<br \/>\n\u2022 Bitki Boyu: 90-100 cm<br \/>\n\u2022 Verim: 650-850 kg\/da<br \/>\n\u2022 Hektolitre A\u011f\u0131rl\u0131\u011f\u0131: 77-82 kg<br \/>\n\u2022 1000 Dane A\u011f\u0131rl\u0131\u011f\u0131: 40-45 gr<br \/>\n\u2022 Protein: %11,3-13,2<br \/>\n\u2022 Sedimentasyon: 34-42 ml<br \/>\n\u2022 Gluten: %26-34<br \/>\n\u2022 Adaptasyon kabiliyeti: M\u00fckemmel<br \/>\n\u2022 Vejetasyon s\u00fcresi: Orta ge\u00e7<br \/>\n\u2022 Ekim Zaman\u0131: 10 Ekim \u2013 15 Kas\u0131m<br \/>\n\u2022 K\u0131\u015fl\u0131k bir \u00e7e\u015fit olup so\u011fu\u011fa dayan\u0131kl\u0131d\u0131r.<br \/>\n\u2022 Kuru ve sulu tar\u0131m alanlar\u0131 i\u00e7in \u00f6nerilir.<br \/>\n\u2022 \u00d6zellikle sulu alanlarda \u00e7ok y\u00fcksek verim<br \/>\nsa\u011flar.<br \/>\n\u2022 Yatmaya kar\u015f\u0131 dayan\u0131kl\u0131 bir \u00e7e\u015fittir.<br \/>\n\u2022 Hastal\u0131klara Dayan\u0131m\u0131 iyidir.<br \/>\n\u2022 Y\u00fcksek verimli bir \u00e7e\u015fittir.<\/p>\n","protected":false},"excerpt":{"rendered":"\u2022 Ba\u015fak Tipi: Beyaz ba\u015fakl\u0131, k\u0131l\u00e7\u0131ks\u0131z bir \u00e7e\u015fit\r\n\u2022 Dane: K\u0131rm\u0131z\u0131 sert ekmeklik bu\u011fday\r\n\u2022 Bitki Boyu: 90-100 cm\r\n\u2022 Verim: 650-850 kg\/da\r\n\u2022 Hektolitre A\u011f\u0131rl\u0131\u011f\u0131: 77-82 kg\r\n\u2022 1000 Dane A\u011f\u0131rl\u0131\u011f\u0131: 40-45 gr\r\n\u2022 Protein: %11,3-13,2\r\n\u2022 Sedimentasyon: 34-42 ml\r\n\u2022 Gluten: %26-34\r\n\u2022 Adaptasyon kabiliyeti: M\u00fckemmel\r\n\u2022 Vejetasyon s\u00fcresi: Orta ge\u00e7\r\n\u2022 Ekim Zaman\u0131: 10 Ekim \u2013 15 Kas\u0131m\r\n\u2022 K\u0131\u015fl\u0131k bir \u00e7e\u015fit olup so\u011fu\u011fa dayan\u0131kl\u0131d\u0131r.\r\n\u2022 Kuru ve sulu tar\u0131m alanlar\u0131 i\u00e7in \u00f6nerilir.\r\n\u2022 \u00d6zellikle sulu alanlarda \u00e7ok y\u00fcksek verim\r\nsa\u011flar.\r\n\u2022 Yatmaya kar\u015f\u0131 dayan\u0131kl\u0131 bir \u00e7e\u015fittir.\r\n\u2022 Hastal\u0131klara Dayan\u0131m\u0131 iyidir.\r\n\u2022 Y\u00fcksek verimli bir \u00e7e\u015fittir.","protected":false},"featured_media":1851,"template":"","meta":[],"class_list":["post-1850","product","type-product","status-publish","has-post-thumbnail","hentry","product_cat-bugday","product_cat-tahillar"],"_links":{"self":[{"href":"https:\/\/bc-institut.com.tr\/index.php\/wp-json\/wp\/v2\/product\/1850","targetHints":{"allow":["GET"]}}],"collection":[{"href":"https:\/\/bc-institut.com.tr\/index.php\/wp-json\/wp\/v2\/product"}],"about":[{"href":"https:\/\/bc-institut.com.tr\/index.php\/wp-json\/wp\/v2\/types\/product"}],"wp:featuredmedia":[{"embeddable":true,"href":"https:\/\/bc-institut.com.tr\/index.php\/wp-json\/wp\/v2\/media\/1851"}],"wp:attachment":[{"href":"https:\/\/bc-institut.com.tr\/index.php\/wp-json\/wp\/v2\/media?parent=1850"}],"curies":[{"name":"wp","href":"https:\/\/api.w.org\/{rel}","templated":true}]}}