{"id":1854,"date":"2021-05-26T14:24:33","date_gmt":"2021-05-26T14:24:33","guid":{"rendered":"https:\/\/bc-institut.com.tr\/?post_type=product&#038;p=1854"},"modified":"2021-05-29T13:43:08","modified_gmt":"2021-05-29T13:43:08","slug":"vedran","status":"publish","type":"product","link":"https:\/\/bc-institut.com.tr\/index.php\/product\/vedran\/","title":{"rendered":"VEDRAN"},"content":{"rendered":"<p>\u2022 K\u0131\u015fl\u0131k Arpa<br \/>\n\u2022 \u0130ki s\u0131ral\u0131<br \/>\n\u2022 Vejetasyon s\u00fcresi: Orta ge\u00e7<br \/>\n\u2022 Y\u00fckseklik: 85 &#8211; 90 cm<br \/>\n\u2022 Adaptasyon kabiliyeti: \u00c7ok iyi<br \/>\n\u2022 1000 dane a\u011f\u0131rl\u0131\u011f\u0131: 44 &#8211; 48 g<br \/>\n\u2022 Hektolitre a\u011f\u0131rl\u0131\u011f\u0131: 65 &#8211; 68 kg<br \/>\n\u2022 Optimum ekim ko\u015fullar\u0131: 1 Ekim \u2013 20<br \/>\nKas\u0131m<br \/>\n\u2022 \u00d6nerilen ekim normu: 500 &#8211; 550 tane \/ m\u00b2<br \/>\n\u2022 Ekimdeki tohum miktar\u0131: 22 kg\/da<br \/>\n\u2022 Hastal\u0131klara kar\u015f\u0131 dayan\u0131m\u0131 \u00e7ok y\u00fcksektir.<br \/>\n\u2022 Yatmaya kar\u015f\u0131 dayan\u0131kl\u0131d\u0131r.<br \/>\n\u2022 \u00c7ok y\u00fcksek verimlidir.<br \/>\n\u2022 K\u0131\u015fl\u0131k geli\u015fme tabiat\u0131na sahiptir.<br \/>\n\u2022 So\u011fu\u011fa kar\u015f\u0131 dayan\u0131kl\u0131d\u0131r.<br \/>\n\u2022 Taban, yar\u0131 taban ve sulu arazilerde ekilmesi<br \/>\ntavsiye edilmektedir.<br \/>\n\u2022 T\u00fcrkiye\u2019nin her b\u00f6lgesine uyum sa\u011flar.<br \/>\n\u2022 Toprak se\u00e7icili\u011fi yoktur.<\/p>\n","protected":false},"excerpt":{"rendered":"\u2022 K\u0131\u015fl\u0131k Arpa\r\n\u2022 \u0130ki s\u0131ral\u0131\r\n\u2022 Vejetasyon s\u00fcresi: Orta ge\u00e7\r\n\u2022 Y\u00fckseklik: 85 &#8211; 90 cm\r\n\u2022 Adaptasyon kabiliyeti: \u00c7ok iyi\r\n\u2022 1000 dane a\u011f\u0131rl\u0131\u011f\u0131: 44 &#8211; 48 g\r\n\u2022 Hektolitre a\u011f\u0131rl\u0131\u011f\u0131: 65 &#8211; 68 kg\r\n\u2022 Optimum ekim ko\u015fullar\u0131: 1 Ekim \u2013 20\r\nKas\u0131m\r\n\u2022 \u00d6nerilen ekim normu: 500 &#8211; 550 tane \/ m\u00b2\r\n\u2022 Ekimdeki tohum miktar\u0131: 22 kg\/da\r\n\u2022 Hastal\u0131klara kar\u015f\u0131 dayan\u0131m\u0131 \u00e7ok y\u00fcksektir.\r\n\u2022 Yatmaya kar\u015f\u0131 dayan\u0131kl\u0131d\u0131r.\r\n\u2022 \u00c7ok y\u00fcksek verimlidir.\r\n\u2022 K\u0131\u015fl\u0131k geli\u015fme tabiat\u0131na sahiptir.\r\n\u2022 So\u011fu\u011fa kar\u015f\u0131 dayan\u0131kl\u0131d\u0131r.\r\n\u2022 Taban, yar\u0131 taban ve sulu arazilerde ekilmesi\r\ntavsiye edilmektedir.\r\n\u2022 T\u00fcrkiye\u2019nin her b\u00f6lgesine uyum sa\u011flar.\r\n\u2022 Toprak se\u00e7icili\u011fi yoktur.","protected":false},"featured_media":1855,"template":"","meta":[],"class_list":["post-1854","product","type-product","status-publish","has-post-thumbnail","hentry","product_cat-arpa","product_cat-tahillar"],"_links":{"self":[{"href":"https:\/\/bc-institut.com.tr\/index.php\/wp-json\/wp\/v2\/product\/1854","targetHints":{"allow":["GET"]}}],"collection":[{"href":"https:\/\/bc-institut.com.tr\/index.php\/wp-json\/wp\/v2\/product"}],"about":[{"href":"https:\/\/bc-institut.com.tr\/index.php\/wp-json\/wp\/v2\/types\/product"}],"wp:featuredmedia":[{"embeddable":true,"href":"https:\/\/bc-institut.com.tr\/index.php\/wp-json\/wp\/v2\/media\/1855"}],"wp:attachment":[{"href":"https:\/\/bc-institut.com.tr\/index.php\/wp-json\/wp\/v2\/media?parent=1854"}],"curies":[{"name":"wp","href":"https:\/\/api.w.org\/{rel}","templated":true}]}}