{"id":1857,"date":"2021-05-26T14:26:56","date_gmt":"2021-05-26T14:26:56","guid":{"rendered":"https:\/\/bc-institut.com.tr\/?post_type=product&#038;p=1857"},"modified":"2021-05-29T13:43:08","modified_gmt":"2021-05-29T13:43:08","slug":"bosut","status":"publish","type":"product","link":"https:\/\/bc-institut.com.tr\/index.php\/product\/bosut\/","title":{"rendered":"BOSUT"},"content":{"rendered":"<p>\u2022 Bitki Boyu: Orta uzun<br \/>\n\u2022 Hektolitre A\u011f\u0131rl\u0131\u011f\u0131: 65-68 kg<br \/>\n\u2022 1000 Dane A\u011f\u0131rl\u0131\u011f\u0131: 40-47 gr<br \/>\n\u2022 \u00d6nerilen Tohum Miktar\u0131: 22-23 kg\/da<br \/>\n\u2022 T\u00fcrkiye\u2019deki en erkenci \u00e7e\u015fitlerden biridir.<br \/>\n\u2022 \u00c7ok y\u00fcksek verimlidir.<br \/>\n\u2022 Dane yap\u0131s\u0131 dolgun ve iridir.<br \/>\n\u2022 K\u0131\u015fl\u0131k geli\u015fme tabiat\u0131na sahiptir.<br \/>\n\u2022 So\u011fu\u011fa kar\u015f\u0131 dayan\u0131kl\u0131d\u0131r.<br \/>\n\u2022 Taban, yar\u0131 taban ve sulu arazilerde<br \/>\nekilmesi tavsiye edilmektedir.<br \/>\n\u2022 T\u00fcrkiye\u2019nin her yerinde kolayl\u0131kla<br \/>\nyeti\u015febilen bir arpad\u0131r.<\/p>\n","protected":false},"excerpt":{"rendered":"\u2022 Bitki Boyu: Orta uzun\r\n\u2022 Hektolitre A\u011f\u0131rl\u0131\u011f\u0131: 65-68 kg\r\n\u2022 1000 Dane A\u011f\u0131rl\u0131\u011f\u0131: 40-47 gr\r\n\u2022 \u00d6nerilen Tohum Miktar\u0131: 22-23 kg\/da\r\n\u2022 T\u00fcrkiye\u2019deki en erkenci \u00e7e\u015fitlerden biridir.\r\n\u2022 \u00c7ok y\u00fcksek verimlidir.\r\n\u2022 Dane yap\u0131s\u0131 dolgun ve iridir.\r\n\u2022 K\u0131\u015fl\u0131k geli\u015fme tabiat\u0131na sahiptir.\r\n\u2022 So\u011fu\u011fa kar\u015f\u0131 dayan\u0131kl\u0131d\u0131r.\r\n\u2022 Taban, yar\u0131 taban ve sulu arazilerde\r\nekilmesi tavsiye edilmektedir.\r\n\u2022 T\u00fcrkiye\u2019nin her yerinde kolayl\u0131kla\r\nyeti\u015febilen bir arpad\u0131r.","protected":false},"featured_media":1858,"template":"","meta":[],"class_list":["post-1857","product","type-product","status-publish","has-post-thumbnail","hentry","product_cat-arpa","product_cat-tahillar"],"_links":{"self":[{"href":"https:\/\/bc-institut.com.tr\/index.php\/wp-json\/wp\/v2\/product\/1857","targetHints":{"allow":["GET"]}}],"collection":[{"href":"https:\/\/bc-institut.com.tr\/index.php\/wp-json\/wp\/v2\/product"}],"about":[{"href":"https:\/\/bc-institut.com.tr\/index.php\/wp-json\/wp\/v2\/types\/product"}],"wp:featuredmedia":[{"embeddable":true,"href":"https:\/\/bc-institut.com.tr\/index.php\/wp-json\/wp\/v2\/media\/1858"}],"wp:attachment":[{"href":"https:\/\/bc-institut.com.tr\/index.php\/wp-json\/wp\/v2\/media?parent=1857"}],"curies":[{"name":"wp","href":"https:\/\/api.w.org\/{rel}","templated":true}]}}