{"id":1859,"date":"2021-05-26T14:29:20","date_gmt":"2021-05-26T14:29:20","guid":{"rendered":"https:\/\/bc-institut.com.tr\/?post_type=product&#038;p=1859"},"modified":"2021-05-29T14:03:53","modified_gmt":"2021-05-29T14:03:53","slug":"goran","status":"publish","type":"product","link":"https:\/\/bc-institut.com.tr\/index.php\/product\/goran\/","title":{"rendered":"GORAN"},"content":{"rendered":"<p>\u2022 Dane tipi: Silindirik form<br \/>\n\u2022 Vejetasyon s\u00fcresi: Orta ge\u00e7<br \/>\n\u2022 Y\u00fckseklik: 110 &#8211; 120 cm<br \/>\n\u2022 Adaptasyon kabiliyeti: M\u00fckemmel<br \/>\n\u2022 1000 dane a\u011f\u0131rl\u0131\u011f\u0131: 45-47 g<br \/>\n\u2022 Hektolitre a\u011f\u0131rl\u0131\u011f\u0131: 73-80 kg<br \/>\n\u2022 \u00d6nerilen tohum miktar\u0131: 18 &#8211; 22 kg \/ da<br \/>\n\u2022 Ba\u015fak Rengi: A\u00e7\u0131k kahverengi, k\u0131l\u00e7\u0131kl\u0131d\u0131r<br \/>\n\u2022 Dane verimi suluda: 550 \u2013 850 kg<br \/>\n\u2022 Sedimantasyon: 29 \u2013 42 ml<br \/>\n\u2022 \u00dclkemizin b\u00fct\u00fcn b\u00f6lgelerinde sulu ve kuru<br \/>\nalanlarda yeti\u015fir.<br \/>\n\u2022 Toprak ve iklim y\u00f6n\u00fcnden se\u00e7ici de\u011fildir.<br \/>\n\u2022 Kurakl\u0131k tolerans\u0131 y\u00fcksektir.<br \/>\n\u2022 Tuz, bor fazlal\u0131\u011f\u0131, mikro element noksanl\u0131\u011f\u0131,<br \/>\nk\u0131\u015f zarar\u0131, kurakl\u0131k, hastal\u0131k v.b. problemlere<br \/>\nkar\u015f\u0131 toleransl\u0131d\u0131r.<br \/>\n\u2022 Besleyicilik de\u011feri bu\u011fday ve arpadan daha<\/p>\n<p><strong>\u2022 Kullan\u0131m Alanlar\u0131:<\/strong> \u00dclkemizde ot, silaj ve dane yem olarak kullan\u0131l\u0131r. Dane\u2019de<br \/>\nhazmolur protein ve lisin miktar\u0131 bu\u011fday ve arpadan daha y\u00fcksektir. Bu<br \/>\nnedenle \u00f6zellikle kanatl\u0131 yeminde daha fazla tercih edilir.<\/p>\n","protected":false},"excerpt":{"rendered":"\u2022 Dane tipi: Silindirik form\r\n\u2022 Vejetasyon s\u00fcresi: Orta ge\u00e7\r\n\u2022 Y\u00fckseklik: 110 &#8211; 120 cm\r\n\u2022 Adaptasyon kabiliyeti: M\u00fckemmel\r\n\u2022 1000 dane a\u011f\u0131rl\u0131\u011f\u0131: 45-47 g\r\n\u2022 Hektolitre a\u011f\u0131rl\u0131\u011f\u0131: 73-80 kg\r\n\u2022 \u00d6nerilen tohum miktar\u0131: 18 &#8211; 22 kg \/ da\r\n\u2022 Ba\u015fak Rengi: A\u00e7\u0131k kahverengi, k\u0131l\u00e7\u0131kl\u0131d\u0131r\r\n\u2022 Dane verimi suluda: 550 \u2013 850 kg\r\n\u2022 Sedimantasyon: 29 \u2013 42 ml\r\n\u2022 \u00dclkemizin b\u00fct\u00fcn b\u00f6lgelerinde sulu ve kuru\r\nalanlarda yeti\u015fir.\r\n\u2022 Toprak ve iklim y\u00f6n\u00fcnden se\u00e7ici de\u011fildir.\r\n\u2022 Kurakl\u0131k tolerans\u0131 y\u00fcksektir.\r\n\u2022 Tuz, bor fazlal\u0131\u011f\u0131, mikro element noksanl\u0131\u011f\u0131,\r\nk\u0131\u015f zarar\u0131, kurakl\u0131k, hastal\u0131k v.b. problemlere\r\nkar\u015f\u0131 toleransl\u0131d\u0131r.\r\n\u2022 Besleyicilik de\u011feri bu\u011fday ve arpadan daha\r\n\r\n<strong>\u2022 Kullan\u0131m Alanlar\u0131:<\/strong> \u00dclkemizde ot, silaj ve dane yem olarak kullan\u0131l\u0131r. Dane\u2019de\r\nhazmolur protein ve lisin miktar\u0131 bu\u011fday ve arpadan daha y\u00fcksektir. Bu\r\nnedenle \u00f6zellikle kanatl\u0131 yeminde daha fazla tercih edilir.","protected":false},"featured_media":1860,"template":"","meta":[],"class_list":["post-1859","product","type-product","status-publish","has-post-thumbnail","hentry","product_cat-tahillar","product_cat-tritikale"],"_links":{"self":[{"href":"https:\/\/bc-institut.com.tr\/index.php\/wp-json\/wp\/v2\/product\/1859","targetHints":{"allow":["GET"]}}],"collection":[{"href":"https:\/\/bc-institut.com.tr\/index.php\/wp-json\/wp\/v2\/product"}],"about":[{"href":"https:\/\/bc-institut.com.tr\/index.php\/wp-json\/wp\/v2\/types\/product"}],"wp:featuredmedia":[{"embeddable":true,"href":"https:\/\/bc-institut.com.tr\/index.php\/wp-json\/wp\/v2\/media\/1860"}],"wp:attachment":[{"href":"https:\/\/bc-institut.com.tr\/index.php\/wp-json\/wp\/v2\/media?parent=1859"}],"curies":[{"name":"wp","href":"https:\/\/api.w.org\/{rel}","templated":true}]}}