{"id":1861,"date":"2021-05-26T14:31:47","date_gmt":"2021-05-26T14:31:47","guid":{"rendered":"https:\/\/bc-institut.com.tr\/?post_type=product&#038;p=1861"},"modified":"2021-05-29T14:04:08","modified_gmt":"2021-05-29T14:04:08","slug":"kupa","status":"publish","type":"product","link":"https:\/\/bc-institut.com.tr\/index.php\/product\/kupa\/","title":{"rendered":"KUPA"},"content":{"rendered":"<p>\u2022 Vejetasyon s\u00fcresi: Orta erken<br \/>\n\u2022 Y\u00fckseklik: 90 &#8211; 95 cm<br \/>\n\u2022 Adaptasyon kabiliyeti: \u0130yi<br \/>\n\u2022 1000 dane a\u011f\u0131rl\u0131\u011f\u0131: 28 &#8211; 33 g<br \/>\n\u2022 Hektolitre a\u011f\u0131rl\u0131\u011f\u0131: 41 &#8211; 45 kg<br \/>\n\u2022 Optimum ekim tarihi: 15 \u015eubat &#8211; 20<br \/>\nMart<br \/>\n\u2022 \u00d6nerilen ekim normu: 450 &#8211; 500 tane<br \/>\n\/ m\u00b2<br \/>\n\u2022 Ekimdeki tohum miktar\u0131: 16 \u2013 18 kg\/da<br \/>\n\u2022 Y\u00fcksek verimli yazl\u0131k bir \u00e7e\u015fittir.<br \/>\n\u2022 Yatmaya kar\u015f\u0131 dayan\u0131kl\u0131d\u0131r.<br \/>\n\u2022 Karde\u015flenme kapasitesi ve adaptasyon<br \/>\nkabiliyeti \u00e7ok y\u00fcksektir.<\/p>\n","protected":false},"excerpt":{"rendered":"\u2022 Vejetasyon s\u00fcresi: Orta erken\r\n\u2022 Y\u00fckseklik: 90 &#8211; 95 cm\r\n\u2022 Adaptasyon kabiliyeti: \u0130yi\r\n\u2022 1000 dane a\u011f\u0131rl\u0131\u011f\u0131: 28 &#8211; 33 g\r\n\u2022 Hektolitre a\u011f\u0131rl\u0131\u011f\u0131: 41 &#8211; 45 kg\r\n\u2022 Optimum ekim tarihi: 15 \u015eubat &#8211; 20\r\nMart\r\n\u2022 \u00d6nerilen ekim normu: 450 &#8211; 500 tane\r\n\/ m\u00b2\r\n\u2022 Ekimdeki tohum miktar\u0131: 16 \u2013 18 kg\/da\r\n\u2022 Y\u00fcksek verimli yazl\u0131k bir \u00e7e\u015fittir.\r\n\u2022 Yatmaya kar\u015f\u0131 dayan\u0131kl\u0131d\u0131r.\r\n\u2022 Karde\u015flenme kapasitesi ve adaptasyon\r\nkabiliyeti \u00e7ok y\u00fcksektir.","protected":false},"featured_media":1862,"template":"","meta":[],"class_list":["post-1861","product","type-product","status-publish","has-post-thumbnail","hentry","product_cat-tahillar","product_cat-yulaf"],"_links":{"self":[{"href":"https:\/\/bc-institut.com.tr\/index.php\/wp-json\/wp\/v2\/product\/1861","targetHints":{"allow":["GET"]}}],"collection":[{"href":"https:\/\/bc-institut.com.tr\/index.php\/wp-json\/wp\/v2\/product"}],"about":[{"href":"https:\/\/bc-institut.com.tr\/index.php\/wp-json\/wp\/v2\/types\/product"}],"wp:featuredmedia":[{"embeddable":true,"href":"https:\/\/bc-institut.com.tr\/index.php\/wp-json\/wp\/v2\/media\/1862"}],"wp:attachment":[{"href":"https:\/\/bc-institut.com.tr\/index.php\/wp-json\/wp\/v2\/media?parent=1861"}],"curies":[{"name":"wp","href":"https:\/\/api.w.org\/{rel}","templated":true}]}}