{"id":1863,"date":"2021-05-26T14:33:17","date_gmt":"2021-05-26T14:33:17","guid":{"rendered":"https:\/\/bc-institut.com.tr\/?post_type=product&#038;p=1863"},"modified":"2021-05-29T14:04:22","modified_gmt":"2021-05-29T14:04:22","slug":"marta","status":"publish","type":"product","link":"https:\/\/bc-institut.com.tr\/index.php\/product\/marta\/","title":{"rendered":"MARTA"},"content":{"rendered":"<p>\u2022 Bitki Boyu: 90 \u2013 95 cm<br \/>\n\u2022 1000 Dane A\u011f\u0131rl\u0131\u011f\u0131: 37 \u2013 39 gr<br \/>\n\u2022 Protein (%): 11 \u2013 14<br \/>\n\u2022 Vejetasyon s\u00fcresi: Orta erkenci<br \/>\n\u2022 Y\u00fcksek besin de\u011ferine sahip k\u0131\u015fl\u0131k bir<br \/>\n\u00e7e\u015fittir.<br \/>\n\u2022 Yatmaya kar\u015f\u0131 dayan\u0131m\u0131 \u00e7ok iyidir.<br \/>\n\u2022 Tavsiye edilen ekim oran\u0131 500 \u2013 550<br \/>\ntohum\/m2<br \/>\n\u2022 Karde\u015flenme kapasitesi ve<br \/>\nadaptasyon kabiliyeti \u00e7ok y\u00fcksektir.<\/p>\n","protected":false},"excerpt":{"rendered":"\u2022 Bitki Boyu: 90 \u2013 95 cm\r\n\u2022 1000 Dane A\u011f\u0131rl\u0131\u011f\u0131: 37 \u2013 39 gr\r\n\u2022 Protein (%): 11 \u2013 14\r\n\u2022 Vejetasyon s\u00fcresi: Orta erkenci\r\n\u2022 Y\u00fcksek besin de\u011ferine sahip k\u0131\u015fl\u0131k bir\r\n\u00e7e\u015fittir.\r\n\u2022 Yatmaya kar\u015f\u0131 dayan\u0131m\u0131 \u00e7ok iyidir.\r\n\u2022 Tavsiye edilen ekim oran\u0131 500 \u2013 550\r\ntohum\/m2\r\n\u2022 Karde\u015flenme kapasitesi ve\r\nadaptasyon kabiliyeti \u00e7ok y\u00fcksektir.","protected":false},"featured_media":1864,"template":"","meta":[],"class_list":["post-1863","product","type-product","status-publish","has-post-thumbnail","hentry","product_cat-tahillar","product_cat-yulaf"],"_links":{"self":[{"href":"https:\/\/bc-institut.com.tr\/index.php\/wp-json\/wp\/v2\/product\/1863","targetHints":{"allow":["GET"]}}],"collection":[{"href":"https:\/\/bc-institut.com.tr\/index.php\/wp-json\/wp\/v2\/product"}],"about":[{"href":"https:\/\/bc-institut.com.tr\/index.php\/wp-json\/wp\/v2\/types\/product"}],"wp:featuredmedia":[{"embeddable":true,"href":"https:\/\/bc-institut.com.tr\/index.php\/wp-json\/wp\/v2\/media\/1864"}],"wp:attachment":[{"href":"https:\/\/bc-institut.com.tr\/index.php\/wp-json\/wp\/v2\/media?parent=1863"}],"curies":[{"name":"wp","href":"https:\/\/api.w.org\/{rel}","templated":true}]}}