{"id":1875,"date":"2021-05-26T15:04:51","date_gmt":"2021-05-26T15:04:51","guid":{"rendered":"https:\/\/bc-institut.com.tr\/?post_type=product&#038;p=1875"},"modified":"2021-05-29T16:46:13","modified_gmt":"2021-05-29T16:46:13","slug":"yonca-yem-bezelyesi-ryegrass-sut-otu","status":"publish","type":"product","link":"https:\/\/bc-institut.com.tr\/index.php\/product\/yonca-yem-bezelyesi-ryegrass-sut-otu\/","title":{"rendered":"YONCA; YEM BEZELYES\u0130; RYEGRASS (S\u00dcT OTU)"},"content":{"rendered":"<p><img loading=\"lazy\" decoding=\"async\" class=\"alignnone wp-image-1877\" src=\"https:\/\/bc-institut.com.tr\/wp-content\/uploads\/2021\/05\/yembitkileri1-300x187.png\" alt=\"\" width=\"939\" height=\"585\" srcset=\"https:\/\/bc-institut.com.tr\/wp-content\/uploads\/2021\/05\/yembitkileri1-300x187.png 300w, https:\/\/bc-institut.com.tr\/wp-content\/uploads\/2021\/05\/yembitkileri1-440x275.png 440w, https:\/\/bc-institut.com.tr\/wp-content\/uploads\/2021\/05\/yembitkileri1.png 645w\" sizes=\"auto, (max-width: 939px) 100vw, 939px\" \/><\/p>\n<p>&nbsp;<\/p>\n<p>&nbsp;<\/p>\n<p>\u00c7ok y\u0131ll\u0131k yem bitkileri \u0131slah \u00e7al\u0131\u015fmalar\u0131 1954 y\u0131l\u0131nda yonca ile ba\u015flam\u0131\u015ft\u0131r.<\/p>\n<p>Bu \u00e7al\u0131\u015fmalarla birlikte yonca en \u00f6nemli yem bitkileri t\u00fcrlerinden olmu\u015ftur.<\/p>\n<p>Yonca \u00e7e\u015fitleri temelde \u00e7ay\u0131r ve meralara ek olarak hayvan beslenmesinde \u00f6nemli rol oynam\u0131\u015f ve \u00e7ay\u0131r &#8211; meralar\u0131n geli\u015fiminde fayda sa\u011flam\u0131\u015ft\u0131r.<\/p>\n<p>Bu sebeple yonca \u00fcretiminde hem \u00e7evre ko\u015fullar\u0131na dayan\u0131kl\u0131 \u00e7e\u015fitler geli\u015ftirip, hem de y\u00fcksek kalitede istikrarl\u0131 \u00e7e\u015fitler sunmaktay\u0131z.<\/p>\n<p>Bc Institut olarak bu g\u00fcne kadar 23 \u00e7e\u015fit \u00e7im ve yonca \u00e7e\u015fitleri geli\u015ftirilmi\u015ftir. Yap\u0131lan t\u00fcm Ar-Ge \u00e7al\u0131\u015fmalar\u0131m\u0131zla mevcut \u00e7e\u015fitlerimizin Avrupa\u2019daki rakiplerine e\u015fit ya da \u00fcst\u00fcn oldu\u011fu\u00a0 an\u0131tlanm\u0131\u015ft\u0131r.<\/p>\n<p>Bug\u00fcn bu y\u00fcksek kaliteyi korumak ve geli\u015ftirmek i\u00e7in \u0131slah ekibimizle birlikte \u00e7ok \u00e7aba g\u00f6steriyor ve siz de\u011ferli i\u015f ortaklar\u0131m\u0131za bu kaliteyi sunuyoruz.<\/p>\n","protected":false},"excerpt":{"rendered":"\u00c7ok y\u0131ll\u0131k yem bitkileri \u0131slah \u00e7al\u0131\u015fmalar\u0131 1954 y\u0131l\u0131nda yonca ile ba\u015flam\u0131\u015ft\u0131r.\r\n\r\nBu \u00e7al\u0131\u015fmalarla birlikte yonca en \u00f6nemli yem bitkileri t\u00fcrlerinden olmu\u015ftur.\r\n\r\nYonca \u00e7e\u015fitleri temelde \u00e7ay\u0131r ve meralara ek olarak hayvan beslenmesinde \u00f6nemli rol oynam\u0131\u015f ve \u00e7ay\u0131r &#8211; meralar\u0131n geli\u015fiminde fayda sa\u011flam\u0131\u015ft\u0131r.\r\n\r\nBu sebeple yonca \u00fcretiminde hem \u00e7evre ko\u015fullar\u0131na dayan\u0131kl\u0131 \u00e7e\u015fitler geli\u015ftirip, hem de y\u00fcksek kalitede istikrarl\u0131 \u00e7e\u015fitler sunmaktay\u0131z.\r\n\r\nBc Institut olarak bu g\u00fcne kadar 23 \u00e7e\u015fit \u00e7im ve yonca \u00e7e\u015fitleri geli\u015ftirilmi\u015ftir. Yap\u0131lan t\u00fcm Ar-Ge \u00e7al\u0131\u015fmalar\u0131m\u0131zla mevcut \u00e7e\u015fitlerimizin Avrupa\u2019daki rakiplerine e\u015fit ya da \u00fcst\u00fcn oldu\u011fu\u00a0 an\u0131tlanm\u0131\u015ft\u0131r.\r\n\r\nBug\u00fcn bu y\u00fcksek kaliteyi korumak ve geli\u015ftirmek i\u00e7in \u0131slah ekibimizle birlikte \u00e7ok \u00e7aba g\u00f6steriyor ve siz de\u011ferli i\u015f ortaklar\u0131m\u0131za bu kaliteyi sunuyoruz.","protected":false},"featured_media":1876,"template":"","meta":[],"class_list":["post-1875","product","type-product","status-publish","has-post-thumbnail","hentry","product_cat-yem-bitkileri"],"_links":{"self":[{"href":"https:\/\/bc-institut.com.tr\/index.php\/wp-json\/wp\/v2\/product\/1875","targetHints":{"allow":["GET"]}}],"collection":[{"href":"https:\/\/bc-institut.com.tr\/index.php\/wp-json\/wp\/v2\/product"}],"about":[{"href":"https:\/\/bc-institut.com.tr\/index.php\/wp-json\/wp\/v2\/types\/product"}],"wp:featuredmedia":[{"embeddable":true,"href":"https:\/\/bc-institut.com.tr\/index.php\/wp-json\/wp\/v2\/media\/1876"}],"wp:attachment":[{"href":"https:\/\/bc-institut.com.tr\/index.php\/wp-json\/wp\/v2\/media?parent=1875"}],"curies":[{"name":"wp","href":"https:\/\/api.w.org\/{rel}","templated":true}]}}