{"id":1884,"date":"2021-05-26T14:00:03","date_gmt":"2021-05-26T14:00:03","guid":{"rendered":"https:\/\/bc-institut.com.tr\/?post_type=product&#038;p=1884"},"modified":"2021-05-29T14:54:35","modified_gmt":"2021-05-29T14:54:35","slug":"pedro","status":"publish","type":"product","link":"https:\/\/bc-institut.com.tr\/index.php\/product\/pedro\/","title":{"rendered":"PEDRO"},"content":{"rendered":"<p>AVRUPA\u2019n\u0131n en iyi soya \u00e7e\u015fitlerinden biri!<\/p>\n<p>&nbsp;<\/p>\n<p>\u2022 Olgunla\u015fma grubu: Orta-erken<br \/>\n\u2022 \u00c7i\u00e7ek rengi: Mor<br \/>\n\u2022 Bakla rengi: Kahverengi<br \/>\n\u2022 Orta boylu, yatmaya m\u00fckemmel diren\u00e7li, hasat zaman\u0131 yapraklar<br \/>\ntamamen d\u00f6k\u00fclmekte,<br \/>\n\u2022 Hastal\u0131klara kar\u015f\u0131 m\u00fckemmel toleransl\u0131, adaptasyon kabiliyeti<br \/>\ny\u00fcksek,<br \/>\n\u2022 Protein ve ya\u011f: \u00c7ok y\u00fcksek oranda protein (% 39-40) ve<br \/>\nya\u011f (% 21-24) i\u00e7erir,<br \/>\n\u2022 Y\u00fcksek verim ve d\u00fc\u015f\u00fck hasat nemine sahiptir. Geleneksel \u0131slah<br \/>\ny\u00f6ntemleri ile \u0131slah edilmi\u015ftir. GDO i\u00e7ermez.<br \/>\n\u2022 Optimum ekim zaman\u0131: 15 Nisan\u2019dan itibaren<\/p>\n","protected":false},"excerpt":{"rendered":"\u2022 Ola\u011fan\u00fcst\u00fc verim potansiyeli\r\n\r\n\u2022 Daha y\u00fcksek sindirilebilir protein oran\u0131\r\n\r\n\u2022 Daha d\u00fc\u015f\u00fck tohum kullan\u0131m\u0131","protected":false},"featured_media":1885,"template":"","meta":[],"class_list":["post-1884","product","type-product","status-publish","has-post-thumbnail","hentry","product_cat-soya-fasulyesi","product_cat-yagli-tohumlar"],"_links":{"self":[{"href":"https:\/\/bc-institut.com.tr\/index.php\/wp-json\/wp\/v2\/product\/1884","targetHints":{"allow":["GET"]}}],"collection":[{"href":"https:\/\/bc-institut.com.tr\/index.php\/wp-json\/wp\/v2\/product"}],"about":[{"href":"https:\/\/bc-institut.com.tr\/index.php\/wp-json\/wp\/v2\/types\/product"}],"wp:featuredmedia":[{"embeddable":true,"href":"https:\/\/bc-institut.com.tr\/index.php\/wp-json\/wp\/v2\/media\/1885"}],"wp:attachment":[{"href":"https:\/\/bc-institut.com.tr\/index.php\/wp-json\/wp\/v2\/media?parent=1884"}],"curies":[{"name":"wp","href":"https:\/\/api.w.org\/{rel}","templated":true}]}}