{"id":1890,"date":"2021-05-29T14:58:34","date_gmt":"2021-05-29T14:58:34","guid":{"rendered":"https:\/\/bc-institut.com.tr\/?post_type=product&#038;p=1890"},"modified":"2021-05-29T15:07:47","modified_gmt":"2021-05-29T15:07:47","slug":"buga","status":"publish","type":"product","link":"https:\/\/bc-institut.com.tr\/index.php\/product\/buga\/","title":{"rendered":"BUGA"},"content":{"rendered":"<p>\u2022 Olgunla\u015fma grubu: Erkenci<br \/>\n\u2022 \u00c7i\u00e7ek rengi: Mor<br \/>\n\u2022 Bakla rengi: Kahverengi<br \/>\n\u2022 Orta boylu, yatmaya dayan\u0131kl\u0131<br \/>\n\u2022 Hastal\u0131klara ve zararl\u0131lara kar\u015f\u0131 m\u00fckemmel tolerans<br \/>\n\u2022 Protein ve ya\u011f: \u00c7ok y\u00fcksek oranda protein (% 39-40) ve<br \/>\nya\u011f (% 21-24) i\u00e7erir,<br \/>\n\u2022 Y\u00fcksek verim ve d\u00fc\u015f\u00fck hasat nemine sahiptir. Geleneksel \u0131slah<br \/>\ny\u00f6ntemleri ile \u0131slah edilmi\u015ftir. GDO i\u00e7ermez.<br \/>\n\u2022 Optimum ekim zaman\u0131: 15 Nisan\u2019dan itibaren<\/p>\n","protected":false},"excerpt":{"rendered":"\u2022 Olgunla\u015fma grubu: Erkenci\r\n\u2022 \u00c7i\u00e7ek rengi: Mor\r\n\u2022 Bakla rengi: Kahverengi\r\n\u2022 Orta boylu, yatmaya dayan\u0131kl\u0131\r\n\u2022 Hastal\u0131klara ve zararl\u0131lara kar\u015f\u0131 m\u00fckemmel tolerans\r\n\u2022 Protein ve ya\u011f: \u00c7ok y\u00fcksek oranda protein (% 39-40) ve\r\nya\u011f (% 21-24) i\u00e7erir,\r\n\u2022 Y\u00fcksek verim ve d\u00fc\u015f\u00fck hasat nemine sahiptir. Geleneksel \u0131slah\r\ny\u00f6ntemleri ile \u0131slah edilmi\u015ftir. GDO i\u00e7ermez.\r\n\u2022 Optimum ekim zaman\u0131: 15 Nisan\u2019dan itibaren","protected":false},"featured_media":1866,"template":"","meta":[],"class_list":["post-1890","product","type-product","status-publish","has-post-thumbnail","hentry","product_cat-soya-fasulyesi","product_cat-yagli-tohumlar"],"_links":{"self":[{"href":"https:\/\/bc-institut.com.tr\/index.php\/wp-json\/wp\/v2\/product\/1890","targetHints":{"allow":["GET"]}}],"collection":[{"href":"https:\/\/bc-institut.com.tr\/index.php\/wp-json\/wp\/v2\/product"}],"about":[{"href":"https:\/\/bc-institut.com.tr\/index.php\/wp-json\/wp\/v2\/types\/product"}],"wp:featuredmedia":[{"embeddable":true,"href":"https:\/\/bc-institut.com.tr\/index.php\/wp-json\/wp\/v2\/media\/1866"}],"wp:attachment":[{"href":"https:\/\/bc-institut.com.tr\/index.php\/wp-json\/wp\/v2\/media?parent=1890"}],"curies":[{"name":"wp","href":"https:\/\/api.w.org\/{rel}","templated":true}]}}